{"id":287,"date":"2025-08-28T16:01:45","date_gmt":"2025-08-28T15:01:45","guid":{"rendered":"http:\/\/johanhermans.com\/?page_id=287"},"modified":"2025-08-28T16:24:41","modified_gmt":"2025-08-28T15:24:41","slug":"de_cv","status":"publish","type":"page","link":"http:\/\/johanhermans.com\/?page_id=287","title":{"rendered":"DE_CV"},"content":{"rendered":"\t\t<div data-elementor-type=\"wp-page\" data-elementor-id=\"287\" class=\"elementor elementor-287\" data-elementor-post-type=\"page\">\n\t\t\t\t\t\t<section class=\"elementor-section elementor-top-section elementor-element elementor-element-99fd4bc elementor-section-boxed elementor-section-height-default elementor-section-height-default\" data-id=\"99fd4bc\" data-element_type=\"section\" data-e-type=\"section\">\n\t\t\t\t\t\t<div class=\"elementor-container elementor-column-gap-default\">\n\t\t\t\t\t<div class=\"elementor-column elementor-col-50 elementor-top-column elementor-element elementor-element-0a0956d\" data-id=\"0a0956d\" data-element_type=\"column\" data-e-type=\"column\">\n\t\t\t<div class=\"elementor-widget-wrap elementor-element-populated\">\n\t\t\t\t\t\t<div class=\"elementor-element elementor-element-90b2c19 elementor-widget elementor-widget-spacer\" data-id=\"90b2c19\" data-element_type=\"widget\" data-e-type=\"widget\" data-widget_type=\"spacer.default\">\n\t\t\t\t<div class=\"elementor-widget-container\">\n\t\t\t\t\t\t\t<div class=\"elementor-spacer\">\n\t\t\t<div class=\"elementor-spacer-inner\"><\/div>\n\t\t<\/div>\n\t\t\t\t\t\t<\/div>\n\t\t\t\t<\/div>\n\t\t\t\t<div class=\"elementor-element elementor-element-34bbc08 elementor-widget elementor-widget-heading\" data-id=\"34bbc08\" data-element_type=\"widget\" data-e-type=\"widget\" data-widget_type=\"heading.default\">\n\t\t\t\t<div class=\"elementor-widget-container\">\n\t\t\t\t\t<h1 class=\"elementor-heading-title elementor-size-default\">BIOGRAPHIE<\/h1>\t\t\t\t<\/div>\n\t\t\t\t<\/div>\n\t\t\t\t<div class=\"elementor-element elementor-element-6fef1dc elementor-widget elementor-widget-spacer\" data-id=\"6fef1dc\" data-element_type=\"widget\" data-e-type=\"widget\" data-widget_type=\"spacer.default\">\n\t\t\t\t<div class=\"elementor-widget-container\">\n\t\t\t\t\t\t\t<div class=\"elementor-spacer\">\n\t\t\t<div class=\"elementor-spacer-inner\"><\/div>\n\t\t<\/div>\n\t\t\t\t\t\t<\/div>\n\t\t\t\t<\/div>\n\t\t\t\t\t<\/div>\n\t\t<\/div>\n\t\t\t\t<div class=\"elementor-column elementor-col-50 elementor-top-column elementor-element elementor-element-fa5cd4b\" data-id=\"fa5cd4b\" data-element_type=\"column\" data-e-type=\"column\">\n\t\t\t<div class=\"elementor-widget-wrap elementor-element-populated\">\n\t\t\t\t\t\t<div class=\"elementor-element elementor-element-a3c37f4 elementor-nav-menu__align-end elementor-nav-menu--dropdown-tablet elementor-nav-menu__text-align-aside elementor-nav-menu--toggle elementor-nav-menu--burger elementor-widget elementor-widget-nav-menu\" data-id=\"a3c37f4\" data-element_type=\"widget\" data-e-type=\"widget\" data-settings=\"{&quot;layout&quot;:&quot;horizontal&quot;,&quot;submenu_icon&quot;:{&quot;value&quot;:&quot;&lt;i class=\\&quot;fas fa-caret-down\\&quot; aria-hidden=\\&quot;true\\&quot;&gt;&lt;\\\/i&gt;&quot;,&quot;library&quot;:&quot;fa-solid&quot;},&quot;toggle&quot;:&quot;burger&quot;}\" data-widget_type=\"nav-menu.default\">\n\t\t\t\t<div class=\"elementor-widget-container\">\n\t\t\t\t\t\t\t\t<nav aria-label=\"Menu\" class=\"elementor-nav-menu--main elementor-nav-menu__container elementor-nav-menu--layout-horizontal e--pointer-none\">\n\t\t\t\t<ul id=\"menu-1-a3c37f4\" class=\"elementor-nav-menu\"><li class=\"menu-item menu-item-type-post_type menu-item-object-page menu-item-295\"><a href=\"http:\/\/johanhermans.com\/?page_id=293\" class=\"elementor-item\">START<\/a><\/li>\n<li class=\"menu-item menu-item-type-post_type menu-item-object-page menu-item-298\"><a href=\"http:\/\/johanhermans.com\/?page_id=287\" class=\"elementor-item\">CV<\/a><\/li>\n<li class=\"menu-item menu-item-type-post_type menu-item-object-page menu-item-297\"><a href=\"http:\/\/johanhermans.com\/?page_id=289\" class=\"elementor-item\">GALERIE<\/a><\/li>\n<li class=\"menu-item menu-item-type-post_type menu-item-object-page menu-item-296\"><a href=\"http:\/\/johanhermans.com\/?page_id=291\" class=\"elementor-item\">MEDIA<\/a><\/li>\n<li class=\"menu-item menu-item-type-post_type menu-item-object-page menu-item-300\"><a href=\"http:\/\/johanhermans.com\/?page_id=283\" class=\"elementor-item\">KONZERT<\/a><\/li>\n<li class=\"menu-item menu-item-type-post_type menu-item-object-page menu-item-299\"><a href=\"http:\/\/johanhermans.com\/?page_id=285\" class=\"elementor-item\">KONTAKT<\/a><\/li>\n<\/ul>\t\t\t<\/nav>\n\t\t\t\t\t<div class=\"elementor-menu-toggle\" role=\"button\" tabindex=\"0\" aria-label=\"Menu toggle\" aria-expanded=\"false\">\n\t\t\t<i aria-hidden=\"true\" role=\"presentation\" class=\"elementor-menu-toggle__icon--open eicon-menu-bar\"><\/i><i aria-hidden=\"true\" role=\"presentation\" class=\"elementor-menu-toggle__icon--close eicon-close\"><\/i>\t\t<\/div>\n\t\t\t\t\t<nav class=\"elementor-nav-menu--dropdown elementor-nav-menu__container\" aria-hidden=\"true\">\n\t\t\t\t<ul id=\"menu-2-a3c37f4\" class=\"elementor-nav-menu\"><li class=\"menu-item menu-item-type-post_type menu-item-object-page menu-item-295\"><a href=\"http:\/\/johanhermans.com\/?page_id=293\" class=\"elementor-item\" tabindex=\"-1\">START<\/a><\/li>\n<li class=\"menu-item menu-item-type-post_type menu-item-object-page menu-item-298\"><a href=\"http:\/\/johanhermans.com\/?page_id=287\" class=\"elementor-item\" tabindex=\"-1\">CV<\/a><\/li>\n<li class=\"menu-item menu-item-type-post_type menu-item-object-page menu-item-297\"><a href=\"http:\/\/johanhermans.com\/?page_id=289\" class=\"elementor-item\" tabindex=\"-1\">GALERIE<\/a><\/li>\n<li class=\"menu-item menu-item-type-post_type menu-item-object-page menu-item-296\"><a href=\"http:\/\/johanhermans.com\/?page_id=291\" class=\"elementor-item\" tabindex=\"-1\">MEDIA<\/a><\/li>\n<li class=\"menu-item menu-item-type-post_type menu-item-object-page menu-item-300\"><a href=\"http:\/\/johanhermans.com\/?page_id=283\" class=\"elementor-item\" tabindex=\"-1\">KONZERT<\/a><\/li>\n<li class=\"menu-item menu-item-type-post_type menu-item-object-page menu-item-299\"><a href=\"http:\/\/johanhermans.com\/?page_id=285\" class=\"elementor-item\" tabindex=\"-1\">KONTAKT<\/a><\/li>\n<\/ul>\t\t\t<\/nav>\n\t\t\t\t\t\t<\/div>\n\t\t\t\t<\/div>\n\t\t\t\t\t<\/div>\n\t\t<\/div>\n\t\t\t\t\t<\/div>\n\t\t<\/section>\n\t\t\t\t<section class=\"elementor-section elementor-top-section elementor-element elementor-element-467dfea elementor-section-boxed elementor-section-height-default elementor-section-height-default\" data-id=\"467dfea\" data-element_type=\"section\" data-e-type=\"section\">\n\t\t\t\t\t\t<div class=\"elementor-container elementor-column-gap-default\">\n\t\t\t\t\t<div class=\"elementor-column elementor-col-100 elementor-top-column elementor-element elementor-element-2dacea1\" data-id=\"2dacea1\" data-element_type=\"column\" data-e-type=\"column\">\n\t\t\t<div class=\"elementor-widget-wrap elementor-element-populated\">\n\t\t\t\t\t\t<div class=\"elementor-element elementor-element-f33a7b7 elementor-widget elementor-widget-spacer\" data-id=\"f33a7b7\" data-element_type=\"widget\" data-e-type=\"widget\" data-widget_type=\"spacer.default\">\n\t\t\t\t<div class=\"elementor-widget-container\">\n\t\t\t\t\t\t\t<div class=\"elementor-spacer\">\n\t\t\t<div class=\"elementor-spacer-inner\"><\/div>\n\t\t<\/div>\n\t\t\t\t\t\t<\/div>\n\t\t\t\t<\/div>\n\t\t\t\t\t<\/div>\n\t\t<\/div>\n\t\t\t\t\t<\/div>\n\t\t<\/section>\n\t\t\t\t<section class=\"elementor-section elementor-top-section elementor-element elementor-element-3deed9d elementor-section-boxed elementor-section-height-default elementor-section-height-default\" data-id=\"3deed9d\" data-element_type=\"section\" data-e-type=\"section\">\n\t\t\t\t\t\t<div class=\"elementor-container elementor-column-gap-default\">\n\t\t\t\t\t<div class=\"elementor-column elementor-col-50 elementor-top-column elementor-element elementor-element-c90d3de\" data-id=\"c90d3de\" data-element_type=\"column\" data-e-type=\"column\">\n\t\t\t<div class=\"elementor-widget-wrap elementor-element-populated\">\n\t\t\t\t\t\t<div class=\"elementor-element elementor-element-993fd4a elementor-widget elementor-widget-image\" data-id=\"993fd4a\" data-element_type=\"widget\" data-e-type=\"widget\" data-widget_type=\"image.default\">\n\t\t\t\t<div class=\"elementor-widget-container\">\n\t\t\t\t\t\t\t\t\t\t\t\t\t\t\t<img fetchpriority=\"high\" decoding=\"async\" width=\"683\" height=\"1024\" src=\"http:\/\/johanhermans.com\/wp-content\/uploads\/2025\/08\/HS-Organist-HR-13-683x1024.jpg\" class=\"attachment-large size-large wp-image-177\" alt=\"\" srcset=\"http:\/\/johanhermans.com\/wp-content\/uploads\/2025\/08\/HS-Organist-HR-13-683x1024.jpg 683w, http:\/\/johanhermans.com\/wp-content\/uploads\/2025\/08\/HS-Organist-HR-13-200x300.jpg 200w, http:\/\/johanhermans.com\/wp-content\/uploads\/2025\/08\/HS-Organist-HR-13-768x1152.jpg 768w, http:\/\/johanhermans.com\/wp-content\/uploads\/2025\/08\/HS-Organist-HR-13-1024x1536.jpg 1024w\" sizes=\"(max-width: 683px) 100vw, 683px\" \/>\t\t\t\t\t\t\t\t\t\t\t\t\t\t\t<\/div>\n\t\t\t\t<\/div>\n\t\t\t\t\t<\/div>\n\t\t<\/div>\n\t\t\t\t<div class=\"elementor-column elementor-col-50 elementor-top-column elementor-element elementor-element-ba9361a\" data-id=\"ba9361a\" data-element_type=\"column\" data-e-type=\"column\">\n\t\t\t<div class=\"elementor-widget-wrap elementor-element-populated\">\n\t\t\t\t\t\t<div class=\"elementor-element elementor-element-57c358e elementor-widget elementor-widget-text-editor\" data-id=\"57c358e\" data-element_type=\"widget\" data-e-type=\"widget\" data-widget_type=\"text-editor.default\">\n\t\t\t\t<div class=\"elementor-widget-container\">\n\t\t\t\t\t\t\t\t\t<p>Der Organist Johan Hermans kann eine rege internationale Konzertt\u00e4tigkeit vorweisen.<br \/>Erfolgreiche Konzerte in Kathedralen, Kl\u00f6stern und Konzerts\u00e4len in St\u00e4dten wie Paris, New York, Melbourne, London, Hongkong, Br\u00fcssel, Adelaide, Erfurt, Osaka, Rio de Janeiro, Seattle, Singapur, St.Petersburg, Sydney, und Washington D.C. festigten seine Renommee als erfolgreicher Musiker. Seine Konzertt\u00e4tigkeit verbindet Hermans regelm\u00e4\u00dfig mit Meisterkursen und Vortr\u00e4gen an Universit\u00e4ten sowie mit Aufnahmen f\u00fcr Radio- und Fernsehsender \u00fcber die ganze Welt.<\/p><p>Er meistert ein gro\u00dfes Repertoire, und machte Urauff\u00fchrungen neue Orgelkompositionen, von denen einige ihm gewidmet wurden.<\/p><p>Johan studierte am Lemmens Institut in Leuven und am K\u00f6niglichen Konservatorium von L\u00fcttich, Belgien. Er vervollst\u00e4ndigte seine Ausbildung mit einer Diplomarbeit \u00fcber \u201eRhetorik und Affekte in der Musik von J. S. Bach\u201c und dem \u201eDipl\u00f4me Sup\u00e9rieur\u201c (dem Pendant zu einem \u201ePrix d\u00b4Excellence\u201c) in der Kunst des Orgelspiels. Sowohl von der fl\u00e4mischen als auch von der wallonischen Regierung erhielt er Stipendien f\u00fcr die Teilnahme an internationalen Meisterkursen bei ber\u00fchmten Organisten in Frankreich, Deutschland, Spanien, den Niederlanden und Italien.<\/p><p>Am st\u00e4dtischen Konservatorium von Hasselt und an der st\u00e4dtischen Musikakademie von Genk, Belgien, lehrt Hermans k\u00fcnstlerisches und liturgisches Orgelspiel, Kammermusik und praktische Harmonie. Seit Oktober 2006 ist er Domorganist an der Kathedrale St. Quintinus zu Hasselt, und seit Januar 2009 Stadtorganist. Dar\u00fcber hinaus ist Hermans der Gr\u00fcnder und Direktor des Internationalen Orgelfestivals von Hasselt und k\u00fcnstlerischer Leiter mehrerer Orgelkonzertreihen in seiner Region. Er ist zudemVorsitzender der Europ\u00e4ischen Abteilung (European Chapter) der AGO (American Guild of Organists).<\/p><p>Hermans wurde von der Akademischen Gesellschaft f\u00fcr \u201aArts \u2013 Sciences \u2013 Lettres\u2018 in Paris zweimal geehrt.<\/p>\t\t\t\t\t\t\t\t<\/div>\n\t\t\t\t<\/div>\n\t\t\t\t\t<\/div>\n\t\t<\/div>\n\t\t\t\t\t<\/div>\n\t\t<\/section>\n\t\t\t\t<section class=\"elementor-section elementor-top-section elementor-element elementor-element-5f2f6b0 elementor-section-boxed elementor-section-height-default elementor-section-height-default\" data-id=\"5f2f6b0\" data-element_type=\"section\" data-e-type=\"section\">\n\t\t\t\t\t\t<div class=\"elementor-container elementor-column-gap-default\">\n\t\t\t\t\t<div class=\"elementor-column elementor-col-100 elementor-top-column elementor-element elementor-element-5f38729\" data-id=\"5f38729\" data-element_type=\"column\" data-e-type=\"column\">\n\t\t\t<div class=\"elementor-widget-wrap elementor-element-populated\">\n\t\t\t\t\t\t<div class=\"elementor-element elementor-element-7cdb09d elementor-widget elementor-widget-spacer\" data-id=\"7cdb09d\" data-element_type=\"widget\" data-e-type=\"widget\" data-widget_type=\"spacer.default\">\n\t\t\t\t<div class=\"elementor-widget-container\">\n\t\t\t\t\t\t\t<div class=\"elementor-spacer\">\n\t\t\t<div class=\"elementor-spacer-inner\"><\/div>\n\t\t<\/div>\n\t\t\t\t\t\t<\/div>\n\t\t\t\t<\/div>\n\t\t\t\t\t<\/div>\n\t\t<\/div>\n\t\t\t\t\t<\/div>\n\t\t<\/section>\n\t\t\t\t<\/div>\n\t\t","protected":false},"excerpt":{"rendered":"<p>BIOGRAPHIE Der Organist Johan Hermans kann eine rege internationale Konzertt\u00e4tigkeit vorweisen.Erfolgreiche Konzerte in Kathedralen, Kl\u00f6stern und Konzerts\u00e4len in St\u00e4dten wie Paris, New York, Melbourne, London, Hongkong, Br\u00fcssel, Adelaide, Erfurt, Osaka, Rio de Janeiro, Seattle, Singapur, St.Petersburg, Sydney, und Washington D.C. festigten seine Renommee als erfolgreicher Musiker. Seine Konzertt\u00e4tigkeit verbindet Hermans regelm\u00e4\u00dfig mit Meisterkursen und Vortr\u00e4gen [&hellip;]<\/p>\n","protected":false},"author":1,"featured_media":0,"parent":0,"menu_order":0,"comment_status":"closed","ping_status":"closed","template":"","meta":{"footnotes":""},"class_list":["post-287","page","type-page","status-publish","hentry"],"_links":{"self":[{"href":"http:\/\/johanhermans.com\/index.php?rest_route=\/wp\/v2\/pages\/287","targetHints":{"allow":["GET"]}}],"collection":[{"href":"http:\/\/johanhermans.com\/index.php?rest_route=\/wp\/v2\/pages"}],"about":[{"href":"http:\/\/johanhermans.com\/index.php?rest_route=\/wp\/v2\/types\/page"}],"author":[{"embeddable":true,"href":"http:\/\/johanhermans.com\/index.php?rest_route=\/wp\/v2\/users\/1"}],"replies":[{"embeddable":true,"href":"http:\/\/johanhermans.com\/index.php?rest_route=%2Fwp%2Fv2%2Fcomments&post=287"}],"version-history":[{"count":7,"href":"http:\/\/johanhermans.com\/index.php?rest_route=\/wp\/v2\/pages\/287\/revisions"}],"predecessor-version":[{"id":320,"href":"http:\/\/johanhermans.com\/index.php?rest_route=\/wp\/v2\/pages\/287\/revisions\/320"}],"wp:attachment":[{"href":"http:\/\/johanhermans.com\/index.php?rest_route=%2Fwp%2Fv2%2Fmedia&parent=287"}],"curies":[{"name":"wp","href":"https:\/\/api.w.org\/{rel}","templated":true}]}}