{"id":232,"date":"2025-08-28T15:26:45","date_gmt":"2025-08-28T14:26:45","guid":{"rendered":"http:\/\/johanhermans.com\/?page_id=232"},"modified":"2025-08-28T15:44:22","modified_gmt":"2025-08-28T14:44:22","slug":"nl_cv","status":"publish","type":"page","link":"http:\/\/johanhermans.com\/?page_id=232","title":{"rendered":"NL_CV"},"content":{"rendered":"\t\t<div data-elementor-type=\"wp-page\" data-elementor-id=\"232\" class=\"elementor elementor-232\" data-elementor-post-type=\"page\">\n\t\t\t\t\t\t<section class=\"elementor-section elementor-top-section elementor-element elementor-element-6910a2b elementor-section-boxed elementor-section-height-default elementor-section-height-default\" data-id=\"6910a2b\" data-element_type=\"section\" data-e-type=\"section\">\n\t\t\t\t\t\t<div class=\"elementor-container elementor-column-gap-default\">\n\t\t\t\t\t<div class=\"elementor-column elementor-col-50 elementor-top-column elementor-element elementor-element-d1407e3\" data-id=\"d1407e3\" data-element_type=\"column\" data-e-type=\"column\">\n\t\t\t<div class=\"elementor-widget-wrap elementor-element-populated\">\n\t\t\t\t\t\t<div class=\"elementor-element elementor-element-09a13e0 elementor-widget elementor-widget-spacer\" data-id=\"09a13e0\" data-element_type=\"widget\" data-e-type=\"widget\" data-widget_type=\"spacer.default\">\n\t\t\t\t<div class=\"elementor-widget-container\">\n\t\t\t\t\t\t\t<div class=\"elementor-spacer\">\n\t\t\t<div class=\"elementor-spacer-inner\"><\/div>\n\t\t<\/div>\n\t\t\t\t\t\t<\/div>\n\t\t\t\t<\/div>\n\t\t\t\t<div class=\"elementor-element elementor-element-19c9798 elementor-widget elementor-widget-heading\" data-id=\"19c9798\" data-element_type=\"widget\" data-e-type=\"widget\" data-widget_type=\"heading.default\">\n\t\t\t\t<div class=\"elementor-widget-container\">\n\t\t\t\t\t<h1 class=\"elementor-heading-title elementor-size-default\">BIOGRAFIE<\/h1>\t\t\t\t<\/div>\n\t\t\t\t<\/div>\n\t\t\t\t<div class=\"elementor-element elementor-element-0eb779c elementor-widget elementor-widget-spacer\" data-id=\"0eb779c\" data-element_type=\"widget\" data-e-type=\"widget\" data-widget_type=\"spacer.default\">\n\t\t\t\t<div class=\"elementor-widget-container\">\n\t\t\t\t\t\t\t<div class=\"elementor-spacer\">\n\t\t\t<div class=\"elementor-spacer-inner\"><\/div>\n\t\t<\/div>\n\t\t\t\t\t\t<\/div>\n\t\t\t\t<\/div>\n\t\t\t\t\t<\/div>\n\t\t<\/div>\n\t\t\t\t<div class=\"elementor-column elementor-col-50 elementor-top-column elementor-element elementor-element-36d5264\" data-id=\"36d5264\" data-element_type=\"column\" data-e-type=\"column\">\n\t\t\t<div class=\"elementor-widget-wrap elementor-element-populated\">\n\t\t\t\t\t\t<div class=\"elementor-element elementor-element-495938e elementor-nav-menu__align-end elementor-nav-menu--dropdown-tablet elementor-nav-menu__text-align-aside elementor-nav-menu--toggle elementor-nav-menu--burger elementor-widget elementor-widget-nav-menu\" data-id=\"495938e\" data-element_type=\"widget\" data-e-type=\"widget\" data-settings=\"{&quot;layout&quot;:&quot;horizontal&quot;,&quot;submenu_icon&quot;:{&quot;value&quot;:&quot;&lt;i class=\\&quot;fas fa-caret-down\\&quot; aria-hidden=\\&quot;true\\&quot;&gt;&lt;\\\/i&gt;&quot;,&quot;library&quot;:&quot;fa-solid&quot;},&quot;toggle&quot;:&quot;burger&quot;}\" data-widget_type=\"nav-menu.default\">\n\t\t\t\t<div class=\"elementor-widget-container\">\n\t\t\t\t\t\t\t\t<nav aria-label=\"Menu\" class=\"elementor-nav-menu--main elementor-nav-menu__container elementor-nav-menu--layout-horizontal e--pointer-none\">\n\t\t\t\t<ul id=\"menu-1-495938e\" class=\"elementor-nav-menu\"><li class=\"menu-item menu-item-type-post_type menu-item-object-page menu-item-243\"><a href=\"http:\/\/johanhermans.com\/?page_id=236\" class=\"elementor-item\">START<\/a><\/li>\n<li class=\"menu-item menu-item-type-post_type menu-item-object-page menu-item-245\"><a href=\"http:\/\/johanhermans.com\/?page_id=232\" class=\"elementor-item\">CV<\/a><\/li>\n<li class=\"menu-item menu-item-type-post_type menu-item-object-page menu-item-244\"><a href=\"http:\/\/johanhermans.com\/?page_id=234\" class=\"elementor-item\">GALERIJ<\/a><\/li>\n<li class=\"menu-item menu-item-type-post_type menu-item-object-page menu-item-242\"><a href=\"http:\/\/johanhermans.com\/?page_id=238\" class=\"elementor-item\">MEDIA<\/a><\/li>\n<li class=\"menu-item menu-item-type-post_type menu-item-object-page menu-item-247\"><a href=\"http:\/\/johanhermans.com\/?page_id=228\" class=\"elementor-item\">CONCERTEN<\/a><\/li>\n<li class=\"menu-item menu-item-type-post_type menu-item-object-page menu-item-246\"><a href=\"http:\/\/johanhermans.com\/?page_id=230\" class=\"elementor-item\">CONTACT<\/a><\/li>\n<\/ul>\t\t\t<\/nav>\n\t\t\t\t\t<div class=\"elementor-menu-toggle\" role=\"button\" tabindex=\"0\" aria-label=\"Menu toggle\" aria-expanded=\"false\">\n\t\t\t<i aria-hidden=\"true\" role=\"presentation\" class=\"elementor-menu-toggle__icon--open eicon-menu-bar\"><\/i><i aria-hidden=\"true\" role=\"presentation\" class=\"elementor-menu-toggle__icon--close eicon-close\"><\/i>\t\t<\/div>\n\t\t\t\t\t<nav class=\"elementor-nav-menu--dropdown elementor-nav-menu__container\" aria-hidden=\"true\">\n\t\t\t\t<ul id=\"menu-2-495938e\" class=\"elementor-nav-menu\"><li class=\"menu-item menu-item-type-post_type menu-item-object-page menu-item-243\"><a href=\"http:\/\/johanhermans.com\/?page_id=236\" class=\"elementor-item\" tabindex=\"-1\">START<\/a><\/li>\n<li class=\"menu-item menu-item-type-post_type menu-item-object-page menu-item-245\"><a href=\"http:\/\/johanhermans.com\/?page_id=232\" class=\"elementor-item\" tabindex=\"-1\">CV<\/a><\/li>\n<li class=\"menu-item menu-item-type-post_type menu-item-object-page menu-item-244\"><a href=\"http:\/\/johanhermans.com\/?page_id=234\" class=\"elementor-item\" tabindex=\"-1\">GALERIJ<\/a><\/li>\n<li class=\"menu-item menu-item-type-post_type menu-item-object-page menu-item-242\"><a href=\"http:\/\/johanhermans.com\/?page_id=238\" class=\"elementor-item\" tabindex=\"-1\">MEDIA<\/a><\/li>\n<li class=\"menu-item menu-item-type-post_type menu-item-object-page menu-item-247\"><a href=\"http:\/\/johanhermans.com\/?page_id=228\" class=\"elementor-item\" tabindex=\"-1\">CONCERTEN<\/a><\/li>\n<li class=\"menu-item menu-item-type-post_type menu-item-object-page menu-item-246\"><a href=\"http:\/\/johanhermans.com\/?page_id=230\" class=\"elementor-item\" tabindex=\"-1\">CONTACT<\/a><\/li>\n<\/ul>\t\t\t<\/nav>\n\t\t\t\t\t\t<\/div>\n\t\t\t\t<\/div>\n\t\t\t\t\t<\/div>\n\t\t<\/div>\n\t\t\t\t\t<\/div>\n\t\t<\/section>\n\t\t\t\t<section class=\"elementor-section elementor-top-section elementor-element elementor-element-a5295a5 elementor-section-boxed elementor-section-height-default elementor-section-height-default\" data-id=\"a5295a5\" data-element_type=\"section\" data-e-type=\"section\">\n\t\t\t\t\t\t<div class=\"elementor-container elementor-column-gap-default\">\n\t\t\t\t\t<div class=\"elementor-column elementor-col-100 elementor-top-column elementor-element elementor-element-ffea98b\" data-id=\"ffea98b\" data-element_type=\"column\" data-e-type=\"column\">\n\t\t\t<div class=\"elementor-widget-wrap elementor-element-populated\">\n\t\t\t\t\t\t<div class=\"elementor-element elementor-element-2a914e7 elementor-widget elementor-widget-spacer\" data-id=\"2a914e7\" data-element_type=\"widget\" data-e-type=\"widget\" data-widget_type=\"spacer.default\">\n\t\t\t\t<div class=\"elementor-widget-container\">\n\t\t\t\t\t\t\t<div class=\"elementor-spacer\">\n\t\t\t<div class=\"elementor-spacer-inner\"><\/div>\n\t\t<\/div>\n\t\t\t\t\t\t<\/div>\n\t\t\t\t<\/div>\n\t\t\t\t\t<\/div>\n\t\t<\/div>\n\t\t\t\t\t<\/div>\n\t\t<\/section>\n\t\t\t\t<section class=\"elementor-section elementor-top-section elementor-element elementor-element-224e207 elementor-section-boxed elementor-section-height-default elementor-section-height-default\" data-id=\"224e207\" data-element_type=\"section\" data-e-type=\"section\">\n\t\t\t\t\t\t<div class=\"elementor-container elementor-column-gap-default\">\n\t\t\t\t\t<div class=\"elementor-column elementor-col-50 elementor-top-column elementor-element elementor-element-d4d7061\" data-id=\"d4d7061\" data-element_type=\"column\" data-e-type=\"column\">\n\t\t\t<div class=\"elementor-widget-wrap elementor-element-populated\">\n\t\t\t\t\t\t<div class=\"elementor-element elementor-element-ef84373 elementor-widget elementor-widget-image\" data-id=\"ef84373\" data-element_type=\"widget\" data-e-type=\"widget\" data-widget_type=\"image.default\">\n\t\t\t\t<div class=\"elementor-widget-container\">\n\t\t\t\t\t\t\t\t\t\t\t\t\t\t\t<img fetchpriority=\"high\" decoding=\"async\" width=\"683\" height=\"1024\" src=\"http:\/\/johanhermans.com\/wp-content\/uploads\/2025\/08\/HS-Organist-HR-13-683x1024.jpg\" class=\"attachment-large size-large wp-image-177\" alt=\"\" srcset=\"http:\/\/johanhermans.com\/wp-content\/uploads\/2025\/08\/HS-Organist-HR-13-683x1024.jpg 683w, http:\/\/johanhermans.com\/wp-content\/uploads\/2025\/08\/HS-Organist-HR-13-200x300.jpg 200w, http:\/\/johanhermans.com\/wp-content\/uploads\/2025\/08\/HS-Organist-HR-13-768x1152.jpg 768w, http:\/\/johanhermans.com\/wp-content\/uploads\/2025\/08\/HS-Organist-HR-13-1024x1536.jpg 1024w\" sizes=\"(max-width: 683px) 100vw, 683px\" \/>\t\t\t\t\t\t\t\t\t\t\t\t\t\t\t<\/div>\n\t\t\t\t<\/div>\n\t\t\t\t\t<\/div>\n\t\t<\/div>\n\t\t\t\t<div class=\"elementor-column elementor-col-50 elementor-top-column elementor-element elementor-element-2ff0fa4\" data-id=\"2ff0fa4\" data-element_type=\"column\" data-e-type=\"column\">\n\t\t\t<div class=\"elementor-widget-wrap elementor-element-populated\">\n\t\t\t\t\t\t<div class=\"elementor-element elementor-element-e7403f7 elementor-widget elementor-widget-text-editor\" data-id=\"e7403f7\" data-element_type=\"widget\" data-e-type=\"widget\" data-widget_type=\"text-editor.default\">\n\t\t\t\t<div class=\"elementor-widget-container\">\n\t\t\t\t\t\t\t\t\t<p>Johan Hermans is een internationaal actief organist met een indrukwekkende concertpraktijk. Hij trad succesvol op in kathedralen, kloosters en concertzalen in steden als Parijs, New York, Melbourne, Londen, Hongkong, Brussel, Adelaide, Erfurt, Osaka, Rio de Janeiro, Seattle, Singapore, Sint-Petersburg, Sydney en Washington D.C., waarmee hij zijn reputatie als vooraanstaand musicus bevestigde. Zijn concerten combineert hij vaak met masterclasses en lezingen aan universiteiten, evenals met radio- en televisieopnames wereldwijd.<br \/>Hermans beheerst een breed repertoire en verzorgde de wereldpremi\u00e8res van tal van nieuwe orgelwerken, waarvan sommige speciaal aan hem zijn opgedragen.<\/p><p>Hij studeerde aan het Lemmensinstituut in Leuven en het Koninklijk Conservatorium van Luik. Zijn opleiding rondde hij af met een scriptie over \u201cRetoriek en affecten in de muziek van J. S. Bach\u201d en het \u201cDipl\u00f4me Sup\u00e9rieur\u201d (het equivalent van een \u201cPrix d\u2019Excellence\u201d) in de kunst van het orgelspel. Zowel de Vlaamse als de Waalse overheid steunden hem met beurzen om deel te nemen aan internationale masterclasses bij gerenommeerde organisten in Frankrijk, Duitsland, Spanje, Nederland en Itali\u00eb.<\/p><p>Aan het stedelijk conservatorium van Hasselt en de stedelijke muziekacademie van Genk doceert hij orgel, piano, kamermuziek en begeleidingspraktijk. Sinds oktober 2006 is hij kathedraalorganist van de Sint-Quintinuskathedraal in Hasselt en sinds januari 2009 ook stadsorganist.<\/p><p>Daarnaast is hij oprichter en directeur van het Internationale Orgelfestival van Hasselt en artistiek leider van meerdere orgelconcertreeksen in de regio. Hij is bovendien voorzitter (Dean) van de European Chapter van de American Guild of Organists (AGO).<\/p><p>Johan werd tweemaal onderscheiden door de Acad\u00e9mique Soci\u00e9t\u00e9 \u2018Arts \u2013 Sciences \u2013 Lettres\u2019 in Parijs.<\/p>\t\t\t\t\t\t\t\t<\/div>\n\t\t\t\t<\/div>\n\t\t\t\t\t<\/div>\n\t\t<\/div>\n\t\t\t\t\t<\/div>\n\t\t<\/section>\n\t\t\t\t<section class=\"elementor-section elementor-top-section elementor-element elementor-element-a6acbd3 elementor-section-boxed elementor-section-height-default elementor-section-height-default\" data-id=\"a6acbd3\" data-element_type=\"section\" data-e-type=\"section\">\n\t\t\t\t\t\t<div class=\"elementor-container elementor-column-gap-default\">\n\t\t\t\t\t<div class=\"elementor-column elementor-col-100 elementor-top-column elementor-element elementor-element-8e15d5b\" data-id=\"8e15d5b\" data-element_type=\"column\" data-e-type=\"column\">\n\t\t\t<div class=\"elementor-widget-wrap elementor-element-populated\">\n\t\t\t\t\t\t<div class=\"elementor-element elementor-element-462f389 elementor-widget elementor-widget-spacer\" data-id=\"462f389\" data-element_type=\"widget\" data-e-type=\"widget\" data-widget_type=\"spacer.default\">\n\t\t\t\t<div class=\"elementor-widget-container\">\n\t\t\t\t\t\t\t<div class=\"elementor-spacer\">\n\t\t\t<div class=\"elementor-spacer-inner\"><\/div>\n\t\t<\/div>\n\t\t\t\t\t\t<\/div>\n\t\t\t\t<\/div>\n\t\t\t\t\t<\/div>\n\t\t<\/div>\n\t\t\t\t\t<\/div>\n\t\t<\/section>\n\t\t\t\t<\/div>\n\t\t","protected":false},"excerpt":{"rendered":"<p>BIOGRAFIE Johan Hermans is een internationaal actief organist met een indrukwekkende concertpraktijk. Hij trad succesvol op in kathedralen, kloosters en concertzalen in steden als Parijs, New York, Melbourne, Londen, Hongkong, Brussel, Adelaide, Erfurt, Osaka, Rio de Janeiro, Seattle, Singapore, Sint-Petersburg, Sydney en Washington D.C., waarmee hij zijn reputatie als vooraanstaand musicus bevestigde. Zijn concerten combineert [&hellip;]<\/p>\n","protected":false},"author":1,"featured_media":0,"parent":0,"menu_order":0,"comment_status":"closed","ping_status":"closed","template":"","meta":{"footnotes":""},"class_list":["post-232","page","type-page","status-publish","hentry"],"_links":{"self":[{"href":"http:\/\/johanhermans.com\/index.php?rest_route=\/wp\/v2\/pages\/232","targetHints":{"allow":["GET"]}}],"collection":[{"href":"http:\/\/johanhermans.com\/index.php?rest_route=\/wp\/v2\/pages"}],"about":[{"href":"http:\/\/johanhermans.com\/index.php?rest_route=\/wp\/v2\/types\/page"}],"author":[{"embeddable":true,"href":"http:\/\/johanhermans.com\/index.php?rest_route=\/wp\/v2\/users\/1"}],"replies":[{"embeddable":true,"href":"http:\/\/johanhermans.com\/index.php?rest_route=%2Fwp%2Fv2%2Fcomments&post=232"}],"version-history":[{"count":13,"href":"http:\/\/johanhermans.com\/index.php?rest_route=\/wp\/v2\/pages\/232\/revisions"}],"predecessor-version":[{"id":267,"href":"http:\/\/johanhermans.com\/index.php?rest_route=\/wp\/v2\/pages\/232\/revisions\/267"}],"wp:attachment":[{"href":"http:\/\/johanhermans.com\/index.php?rest_route=%2Fwp%2Fv2%2Fmedia&parent=232"}],"curies":[{"name":"wp","href":"https:\/\/api.w.org\/{rel}","templated":true}]}}